{"id":222,"date":"2020-04-21T14:02:21","date_gmt":"2020-04-21T14:02:21","guid":{"rendered":"https:\/\/www.drustvo-adrenalin.si\/klub-adrenalin\/"},"modified":"2024-04-08T08:47:33","modified_gmt":"2024-04-08T08:47:33","slug":"klub-adrenalin","status":"publish","type":"page","link":"https:\/\/www.drustvo-adrenalin.si\/en\/klub-adrenalin\/","title":{"rendered":"About us"},"content":{"rendered":"<p>The Adrenaline Paragliding Team Gornje Poso\u010dje was founded at the UOZ on December 21, 2003 in Kobarid. The idea for \u200b\u200bfounding this Association and its goals was introduced by Du\u0161an Vuliki\u0107. Founding members Klavdij Raku\u0161\u010dek, Edvin Berginc, Sebastjan Kostadinovi\u010d, Paolo Macorig, Andra\u017e Pignatari, Igor Kurin\u010di\u010d, Du\u0161an Vuliki\u0107, Marjan Medve\u017e, Dejan Luzar and Ale\u0161 Mi\u0161i\u010d unanimously adopted a decision on the establishment of the Paragliding Association. At first they chose the name of the association, adopted the statute, elected the board of directors and supervisory board committee members, the president, secretary and treasurer.<\/p>\n<p>The name ADRENALN Paragliding Team was first time used as the name of a team (Klavdij Raku\u0161\u010dek, Andra\u017e Pignatari, Andrej Poga\u010dar, Sergej \u010cujec) at the national championship in overflights on Krvavec, so we chose the same name for the name of the association, we only added Gornje Poso\u010dje to immediately place us to the beautiful So\u010da Valley where according to many pilots the flying conditions are the best.<\/p>\n<p>Klavdij became the first president of the Association with his secretary Seba and treasurer Edvin standing by his side and we set up the headquarters of the association in Dre\u017enica. The official part was done and we toasted the newborn association. Shortly afterwards, it was necessary to roll up our sleeves and start arranging paperwork and achieving of set goals. There have been many of set goals and we hope that we will never run out of them in the future and that all members will work for the benefit of paragliding in our beautiful valley.<\/p>\n<p>Currently the club has a good number of members who strive for the best possible functioning of the club and actively participate in activities related to it. Special emphasis should be placed on the members of the board of directors, which consists of: club president Jakob Koren, treasurer Kristjan Ku\u0161\u010der and board members Klavdij Raku\u0161\u010dek, Martin Kurin\u010di\u010d and Simon Konavec.<\/p>\n<p><img decoding=\"async\" loading=\"lazy\" class=\"alignnone size-full wp-image-76\" src=\"https:\/\/www.drustvo-adrenalin.si\/wp-content\/uploads\/2020\/04\/20180922_005241.jpg\" alt=\"\" width=\"2000\" height=\"1500\" srcset=\"https:\/\/www.drustvo-adrenalin.si\/wp-content\/uploads\/2020\/04\/20180922_005241.jpg 2000w, https:\/\/www.drustvo-adrenalin.si\/wp-content\/uploads\/2020\/04\/20180922_005241-300x225.jpg 300w, https:\/\/www.drustvo-adrenalin.si\/wp-content\/uploads\/2020\/04\/20180922_005241-1024x768.jpg 1024w, https:\/\/www.drustvo-adrenalin.si\/wp-content\/uploads\/2020\/04\/20180922_005241-768x576.jpg 768w, https:\/\/www.drustvo-adrenalin.si\/wp-content\/uploads\/2020\/04\/20180922_005241-1536x1152.jpg 1536w\" sizes=\"(max-width: 2000px) 100vw, 2000px\" \/><\/p>\n<p>The association pays a lot of attention to paragliding courses, training new members, participating in competitions and organizing them (some of which have become traditional) and taking care of launch sites and pure nature.<\/p>\n<p>The introductory paragliding course is usually conducted at the end of the flight season and students learn the basics theory and flying technique. The course takes place on the school field above Dre\u017eni\u0161ke Ravne. After successfully completing the introductory course and gaining sufficient experience in the air, the trainees are ready for the advanced course and taking the paragliding pilot exam.<\/p>\n<p><img decoding=\"async\" loading=\"lazy\" class=\"alignnone size-full wp-image-75\" src=\"https:\/\/www.drustvo-adrenalin.si\/wp-content\/uploads\/2020\/04\/20180915_155806.jpg\" alt=\"\" width=\"2000\" height=\"1500\" srcset=\"https:\/\/www.drustvo-adrenalin.si\/wp-content\/uploads\/2020\/04\/20180915_155806.jpg 2000w, https:\/\/www.drustvo-adrenalin.si\/wp-content\/uploads\/2020\/04\/20180915_155806-300x225.jpg 300w, https:\/\/www.drustvo-adrenalin.si\/wp-content\/uploads\/2020\/04\/20180915_155806-1024x768.jpg 1024w, https:\/\/www.drustvo-adrenalin.si\/wp-content\/uploads\/2020\/04\/20180915_155806-768x576.jpg 768w, https:\/\/www.drustvo-adrenalin.si\/wp-content\/uploads\/2020\/04\/20180915_155806-1536x1152.jpg 1536w\" sizes=\"(max-width: 2000px) 100vw, 2000px\" \/><\/p>\n<p>The association has an established tradition of organizing some high-profile competitions. These were landing accuracy competitions initially, but now these are mostly overflight competitions. The favorable location of the So\u010da Valley, the varied alpine mountains and the still strong influence of the sea create unique conditions for flying. In the past, larger world-class competitions and plenty of smaller national competitions have taken place on our airfields.<\/p>\n<p>Most of us desire to fly. If you are gathering the courage to do it alone by yourself our experienced pilots and instructors will take you under the sky in tandem. All you need is proper footwear and plenty of good will, all other equipment will be provided by your pilot. This is the fastest way to find out if paragliding is the right sport for you.<\/p>\n<p><img decoding=\"async\" loading=\"lazy\" class=\"alignnone size-full wp-image-79\" src=\"https:\/\/www.drustvo-adrenalin.si\/wp-content\/uploads\/2020\/04\/IMG_4351.jpg\" alt=\"\" width=\"2000\" height=\"1333\" srcset=\"https:\/\/www.drustvo-adrenalin.si\/wp-content\/uploads\/2020\/04\/IMG_4351.jpg 2000w, https:\/\/www.drustvo-adrenalin.si\/wp-content\/uploads\/2020\/04\/IMG_4351-300x200.jpg 300w, https:\/\/www.drustvo-adrenalin.si\/wp-content\/uploads\/2020\/04\/IMG_4351-1024x682.jpg 1024w, https:\/\/www.drustvo-adrenalin.si\/wp-content\/uploads\/2020\/04\/IMG_4351-768x512.jpg 768w, https:\/\/www.drustvo-adrenalin.si\/wp-content\/uploads\/2020\/04\/IMG_4351-1536x1024.jpg 1536w\" sizes=\"(max-width: 2000px) 100vw, 2000px\" \/><\/p>\n","protected":false},"excerpt":{"rendered":"<p>The Adrenaline Paragliding Team Gornje Poso\u010dje was founded at the UOZ on December 21, 2003 in Kobarid. The idea for \u200b\u200bfounding this Association and its goals was [&hellip;]<\/p>\n","protected":false},"author":1,"featured_media":0,"parent":0,"menu_order":0,"comment_status":"closed","ping_status":"closed","template":"","meta":{"ngg_post_thumbnail":0},"_links":{"self":[{"href":"https:\/\/www.drustvo-adrenalin.si\/en\/wp-json\/wp\/v2\/pages\/222"}],"collection":[{"href":"https:\/\/www.drustvo-adrenalin.si\/en\/wp-json\/wp\/v2\/pages"}],"about":[{"href":"https:\/\/www.drustvo-adrenalin.si\/en\/wp-json\/wp\/v2\/types\/page"}],"author":[{"embeddable":true,"href":"https:\/\/www.drustvo-adrenalin.si\/en\/wp-json\/wp\/v2\/users\/1"}],"replies":[{"embeddable":true,"href":"https:\/\/www.drustvo-adrenalin.si\/en\/wp-json\/wp\/v2\/comments?post=222"}],"version-history":[{"count":4,"href":"https:\/\/www.drustvo-adrenalin.si\/en\/wp-json\/wp\/v2\/pages\/222\/revisions"}],"predecessor-version":[{"id":440,"href":"https:\/\/www.drustvo-adrenalin.si\/en\/wp-json\/wp\/v2\/pages\/222\/revisions\/440"}],"wp:attachment":[{"href":"https:\/\/www.drustvo-adrenalin.si\/en\/wp-json\/wp\/v2\/media?parent=222"}],"curies":[{"name":"wp","href":"https:\/\/api.w.org\/{rel}","templated":true}]}}